{"id":462,"date":"2021-05-14T14:11:59","date_gmt":"2021-05-14T12:11:59","guid":{"rendered":"http:\/\/neoclasicdanza.com\/?page_id=462"},"modified":"2023-07-08T14:06:53","modified_gmt":"2023-07-08T12:06:53","slug":"flamenco","status":"publish","type":"page","link":"http:\/\/neoclasicdanza.com\/index.php\/flamenco\/","title":{"rendered":"FLAMENCO"},"content":{"rendered":"\n<p class=\"has-black-color has-text-color\">El Flamenco es <strong>entrega,<\/strong> es <strong>pasi\u00f3n y fuerza.<\/strong> Nos ayuda a canalizar los sentimientos a trav\u00e9s del movimiento y nos conecta con nuestro interior.<\/p>\n\n\n\n<p class=\"has-black-color has-text-color\">En las clases de <strong>flamenco<\/strong> de nuestra academia de baile se trabajan ejercicios de t\u00e9cnica de brazos y pies, zapateados y diferentes palos del flamenco desde rumba a buler\u00edas, tangos, etc.<\/p>\n\n\n\n<p class=\"has-black-color has-text-color\">Hemos logrado un peque\u00f1o cuadro flamenco formado por nuestras alumnas y participan en diferentes <strong>eventos, ferias<\/strong> y <strong>actuaciones<\/strong>.<\/p>\n\n\n<div class=\"gb-container gb-container-eb4061ff alignfull\"><div class=\"gb-inside-container\">\n<div class=\"gb-container gb-container-50ce06f9\"><div class=\"gb-inside-container\">\n\n<p class=\"has-black-color has-text-color\"><strong>Profesora: Montserrat Selma<\/strong><\/p>\n\n\n\n<p class=\"has-black-color has-text-color\">Formada en el <strong><em>Institut del Teatre<\/em><\/strong> con un amplio curr\u00edculum como bailarina y como docente.<\/p>\n\n\n\n<p class=\"has-black-color has-text-color\">Bailarina profesional en diferentes compa\u00f1\u00edas de Danza Espa\u00f1ola, muy vers\u00e1til y completa.<\/p>\n\n\n\n<p class=\"has-black-color has-text-color\">Profesora en nuestra academia de baile desde el a\u00f1o 2016.<\/p>\n\n\n<div class=\"gb-container gb-container-c75920b2\">\n\n<div class=\"wp-block-columns is-layout-flex wp-container-core-columns-is-layout-9d6595d7 wp-block-columns-is-layout-flex\">\n<div class=\"wp-block-column is-layout-flow wp-block-column-is-layout-flow\">\n<figure class=\"wp-block-image size-large\"><img fetchpriority=\"high\" decoding=\"async\" width=\"683\" height=\"1024\" src=\"https:\/\/neoclasicdanza.com\/wp-content\/uploads\/2023\/07\/NEOCLASIC23_1267-683x1024.jpg\" alt=\"\" class=\"wp-image-1437\" srcset=\"http:\/\/neoclasicdanza.com\/wp-content\/uploads\/2023\/07\/NEOCLASIC23_1267-683x1024.jpg 683w, http:\/\/neoclasicdanza.com\/wp-content\/uploads\/2023\/07\/NEOCLASIC23_1267-200x300.jpg 200w, http:\/\/neoclasicdanza.com\/wp-content\/uploads\/2023\/07\/NEOCLASIC23_1267-768x1152.jpg 768w, http:\/\/neoclasicdanza.com\/wp-content\/uploads\/2023\/07\/NEOCLASIC23_1267-1024x1536.jpg 1024w, http:\/\/neoclasicdanza.com\/wp-content\/uploads\/2023\/07\/NEOCLASIC23_1267-1365x2048.jpg 1365w, http:\/\/neoclasicdanza.com\/wp-content\/uploads\/2023\/07\/NEOCLASIC23_1267-scaled.jpg 1707w\" sizes=\"(max-width: 683px) 100vw, 683px\" \/><\/figure>\n<\/div>\n\n\n\n<div class=\"wp-block-column is-layout-flow wp-block-column-is-layout-flow\">\n<figure class=\"wp-block-image size-large\"><img decoding=\"async\" width=\"683\" height=\"1024\" src=\"https:\/\/neoclasicdanza.com\/wp-content\/uploads\/2023\/07\/NEOCLASIC23_1340-683x1024.jpg\" alt=\"\" class=\"wp-image-1441\" srcset=\"http:\/\/neoclasicdanza.com\/wp-content\/uploads\/2023\/07\/NEOCLASIC23_1340-683x1024.jpg 683w, http:\/\/neoclasicdanza.com\/wp-content\/uploads\/2023\/07\/NEOCLASIC23_1340-200x300.jpg 200w, http:\/\/neoclasicdanza.com\/wp-content\/uploads\/2023\/07\/NEOCLASIC23_1340-768x1152.jpg 768w, http:\/\/neoclasicdanza.com\/wp-content\/uploads\/2023\/07\/NEOCLASIC23_1340-1024x1536.jpg 1024w, http:\/\/neoclasicdanza.com\/wp-content\/uploads\/2023\/07\/NEOCLASIC23_1340-1365x2048.jpg 1365w, http:\/\/neoclasicdanza.com\/wp-content\/uploads\/2023\/07\/NEOCLASIC23_1340-scaled.jpg 1707w\" sizes=\"(max-width: 683px) 100vw, 683px\" \/><\/figure>\n<\/div>\n<\/div>\n\n<\/div>\n\n<div class=\"gb-container gb-container-245a1c77\">\n<div class=\"wp-block-image\">\n<figure class=\"aligncenter size-large is-resized\"><img decoding=\"async\" src=\"https:\/\/neoclasicdanza.com\/wp-content\/uploads\/2023\/07\/NEOCLASIC23_4295-1-1024x683.jpg\" alt=\"\" class=\"wp-image-1439\" width=\"579\" height=\"386\" srcset=\"http:\/\/neoclasicdanza.com\/wp-content\/uploads\/2023\/07\/NEOCLASIC23_4295-1-1024x683.jpg 1024w, http:\/\/neoclasicdanza.com\/wp-content\/uploads\/2023\/07\/NEOCLASIC23_4295-1-300x200.jpg 300w, http:\/\/neoclasicdanza.com\/wp-content\/uploads\/2023\/07\/NEOCLASIC23_4295-1-768x512.jpg 768w, http:\/\/neoclasicdanza.com\/wp-content\/uploads\/2023\/07\/NEOCLASIC23_4295-1-1536x1024.jpg 1536w, http:\/\/neoclasicdanza.com\/wp-content\/uploads\/2023\/07\/NEOCLASIC23_4295-1-2048x1365.jpg 2048w\" sizes=\"(max-width: 579px) 100vw, 579px\" \/><\/figure>\n<\/div>\n<\/div>\n<\/div><\/div>\n<\/div><\/div>\n\n\n<div style=\"height:12px\" aria-hidden=\"true\" class=\"wp-block-spacer\"><\/div>\n\n\n\n<figure class=\"wp-block-image alignfull size-large\"><img loading=\"lazy\" decoding=\"async\" width=\"1024\" height=\"747\" src=\"http:\/\/neoclasicdanza.com\/wp-content\/uploads\/2022\/03\/IMG_3012-1-1024x747.jpg\" alt=\"\" class=\"wp-image-1193\" srcset=\"http:\/\/neoclasicdanza.com\/wp-content\/uploads\/2022\/03\/IMG_3012-1-1024x747.jpg 1024w, http:\/\/neoclasicdanza.com\/wp-content\/uploads\/2022\/03\/IMG_3012-1-300x219.jpg 300w, http:\/\/neoclasicdanza.com\/wp-content\/uploads\/2022\/03\/IMG_3012-1-768x560.jpg 768w, http:\/\/neoclasicdanza.com\/wp-content\/uploads\/2022\/03\/IMG_3012-1.jpg 1167w\" sizes=\"(max-width: 1024px) 100vw, 1024px\" \/><\/figure>\n","protected":false},"excerpt":{"rendered":"<p>El Flamenco es entrega, es pasi\u00f3n y fuerza. Nos ayuda a canalizar los sentimientos a trav\u00e9s del movimiento y nos conecta con nuestro interior. En las clases de flamenco de nuestra academia de baile se trabajan ejercicios de t\u00e9cnica de brazos y pies, zapateados y diferentes palos del flamenco desde rumba a buler\u00edas, tangos, etc. &#8230; <\/p>\n<p class=\"read-more-container\"><a title=\"FLAMENCO\" class=\"read-more button\" href=\"http:\/\/neoclasicdanza.com\/index.php\/flamenco\/#more-462\">Leer m\u00e1s<span class=\"screen-reader-text\">FLAMENCO<\/span><\/a><\/p>\n","protected":false},"author":1,"featured_media":0,"parent":0,"menu_order":0,"comment_status":"closed","ping_status":"closed","template":"","meta":{"footnotes":""},"class_list":["post-462","page","type-page","status-publish"],"yoast_head":"<!-- This site is optimized with the Yoast SEO plugin v27.4 - https:\/\/yoast.com\/product\/yoast-seo-wordpress\/ -->\n<title>FLAMENCO - NEOCLASIC DANZA<\/title>\n<meta name=\"description\" content=\"El Flamenco es entrega, es pasi\u00f3n y fuerza. Ayuda a canalizar los sentimientos a trav\u00e9s del movimiento y nos conecta con nuestro interior.\" \/>\n<meta name=\"robots\" content=\"index, follow, max-snippet:-1, max-image-preview:large, max-video-preview:-1\" \/>\n<link rel=\"canonical\" href=\"http:\/\/neoclasicdanza.com\/index.php\/flamenco\/\" \/>\n<meta property=\"og:locale\" content=\"es_ES\" \/>\n<meta property=\"og:type\" content=\"article\" \/>\n<meta property=\"og:title\" content=\"FLAMENCO - NEOCLASIC DANZA\" \/>\n<meta property=\"og:description\" content=\"El Flamenco es entrega, es pasi\u00f3n y fuerza. Ayuda a canalizar los sentimientos a trav\u00e9s del movimiento y nos conecta con nuestro interior.\" \/>\n<meta property=\"og:url\" content=\"http:\/\/neoclasicdanza.com\/index.php\/flamenco\/\" \/>\n<meta property=\"og:site_name\" content=\"NEOCLASIC DANZA\" \/>\n<meta property=\"article:modified_time\" content=\"2023-07-08T12:06:53+00:00\" \/>\n<meta property=\"og:image\" content=\"https:\/\/neoclasicdanza.com\/wp-content\/uploads\/2023\/07\/NEOCLASIC23_1267-683x1024.jpg\" \/>\n<meta name=\"twitter:card\" content=\"summary_large_image\" \/>\n<meta name=\"twitter:label1\" content=\"Tiempo de lectura\" \/>\n\t<meta name=\"twitter:data1\" content=\"2 minutos\" \/>\n<script type=\"application\/ld+json\" class=\"yoast-schema-graph\">{\"@context\":\"https:\\\/\\\/schema.org\",\"@graph\":[{\"@type\":\"WebPage\",\"@id\":\"http:\\\/\\\/neoclasicdanza.com\\\/index.php\\\/flamenco\\\/\",\"url\":\"http:\\\/\\\/neoclasicdanza.com\\\/index.php\\\/flamenco\\\/\",\"name\":\"FLAMENCO - NEOCLASIC DANZA\",\"isPartOf\":{\"@id\":\"http:\\\/\\\/neoclasicdanza.com\\\/#website\"},\"primaryImageOfPage\":{\"@id\":\"http:\\\/\\\/neoclasicdanza.com\\\/index.php\\\/flamenco\\\/#primaryimage\"},\"image\":{\"@id\":\"http:\\\/\\\/neoclasicdanza.com\\\/index.php\\\/flamenco\\\/#primaryimage\"},\"thumbnailUrl\":\"https:\\\/\\\/neoclasicdanza.com\\\/wp-content\\\/uploads\\\/2023\\\/07\\\/NEOCLASIC23_1267-683x1024.jpg\",\"datePublished\":\"2021-05-14T12:11:59+00:00\",\"dateModified\":\"2023-07-08T12:06:53+00:00\",\"description\":\"El Flamenco es entrega, es pasi\u00f3n y fuerza. Ayuda a canalizar los sentimientos a trav\u00e9s del movimiento y nos conecta con nuestro interior.\",\"breadcrumb\":{\"@id\":\"http:\\\/\\\/neoclasicdanza.com\\\/index.php\\\/flamenco\\\/#breadcrumb\"},\"inLanguage\":\"es\",\"potentialAction\":[{\"@type\":\"ReadAction\",\"target\":[\"http:\\\/\\\/neoclasicdanza.com\\\/index.php\\\/flamenco\\\/\"]}]},{\"@type\":\"ImageObject\",\"inLanguage\":\"es\",\"@id\":\"http:\\\/\\\/neoclasicdanza.com\\\/index.php\\\/flamenco\\\/#primaryimage\",\"url\":\"https:\\\/\\\/neoclasicdanza.com\\\/wp-content\\\/uploads\\\/2023\\\/07\\\/NEOCLASIC23_1267-683x1024.jpg\",\"contentUrl\":\"https:\\\/\\\/neoclasicdanza.com\\\/wp-content\\\/uploads\\\/2023\\\/07\\\/NEOCLASIC23_1267-683x1024.jpg\"},{\"@type\":\"BreadcrumbList\",\"@id\":\"http:\\\/\\\/neoclasicdanza.com\\\/index.php\\\/flamenco\\\/#breadcrumb\",\"itemListElement\":[{\"@type\":\"ListItem\",\"position\":1,\"name\":\"Portada\",\"item\":\"https:\\\/\\\/neoclasicdanza.com\\\/\"},{\"@type\":\"ListItem\",\"position\":2,\"name\":\"FLAMENCO\"}]},{\"@type\":\"WebSite\",\"@id\":\"http:\\\/\\\/neoclasicdanza.com\\\/#website\",\"url\":\"http:\\\/\\\/neoclasicdanza.com\\\/\",\"name\":\"NEOCLASIC DANZA\",\"description\":\"Desde 1992\",\"publisher\":{\"@id\":\"http:\\\/\\\/neoclasicdanza.com\\\/#organization\"},\"potentialAction\":[{\"@type\":\"SearchAction\",\"target\":{\"@type\":\"EntryPoint\",\"urlTemplate\":\"http:\\\/\\\/neoclasicdanza.com\\\/?s={search_term_string}\"},\"query-input\":{\"@type\":\"PropertyValueSpecification\",\"valueRequired\":true,\"valueName\":\"search_term_string\"}}],\"inLanguage\":\"es\"},{\"@type\":\"Organization\",\"@id\":\"http:\\\/\\\/neoclasicdanza.com\\\/#organization\",\"name\":\"NEOCLASIC DANZA\",\"url\":\"http:\\\/\\\/neoclasicdanza.com\\\/\",\"logo\":{\"@type\":\"ImageObject\",\"inLanguage\":\"es\",\"@id\":\"http:\\\/\\\/neoclasicdanza.com\\\/#\\\/schema\\\/logo\\\/image\\\/\",\"url\":\"http:\\\/\\\/neoclasicdanza.com\\\/wp-content\\\/uploads\\\/2021\\\/07\\\/cropped-neoclasic_2021_1-scaled-1.jpg\",\"contentUrl\":\"http:\\\/\\\/neoclasicdanza.com\\\/wp-content\\\/uploads\\\/2021\\\/07\\\/cropped-neoclasic_2021_1-scaled-1.jpg\",\"width\":1803,\"height\":2041,\"caption\":\"NEOCLASIC DANZA\"},\"image\":{\"@id\":\"http:\\\/\\\/neoclasicdanza.com\\\/#\\\/schema\\\/logo\\\/image\\\/\"}}]}<\/script>\n<!-- \/ Yoast SEO plugin. -->","yoast_head_json":{"title":"FLAMENCO - NEOCLASIC DANZA","description":"El Flamenco es entrega, es pasi\u00f3n y fuerza. Ayuda a canalizar los sentimientos a trav\u00e9s del movimiento y nos conecta con nuestro interior.","robots":{"index":"index","follow":"follow","max-snippet":"max-snippet:-1","max-image-preview":"max-image-preview:large","max-video-preview":"max-video-preview:-1"},"canonical":"http:\/\/neoclasicdanza.com\/index.php\/flamenco\/","og_locale":"es_ES","og_type":"article","og_title":"FLAMENCO - NEOCLASIC DANZA","og_description":"El Flamenco es entrega, es pasi\u00f3n y fuerza. Ayuda a canalizar los sentimientos a trav\u00e9s del movimiento y nos conecta con nuestro interior.","og_url":"http:\/\/neoclasicdanza.com\/index.php\/flamenco\/","og_site_name":"NEOCLASIC DANZA","article_modified_time":"2023-07-08T12:06:53+00:00","og_image":[{"url":"https:\/\/neoclasicdanza.com\/wp-content\/uploads\/2023\/07\/NEOCLASIC23_1267-683x1024.jpg","type":"","width":"","height":""}],"twitter_card":"summary_large_image","twitter_misc":{"Tiempo de lectura":"2 minutos"},"schema":{"@context":"https:\/\/schema.org","@graph":[{"@type":"WebPage","@id":"http:\/\/neoclasicdanza.com\/index.php\/flamenco\/","url":"http:\/\/neoclasicdanza.com\/index.php\/flamenco\/","name":"FLAMENCO - NEOCLASIC DANZA","isPartOf":{"@id":"http:\/\/neoclasicdanza.com\/#website"},"primaryImageOfPage":{"@id":"http:\/\/neoclasicdanza.com\/index.php\/flamenco\/#primaryimage"},"image":{"@id":"http:\/\/neoclasicdanza.com\/index.php\/flamenco\/#primaryimage"},"thumbnailUrl":"https:\/\/neoclasicdanza.com\/wp-content\/uploads\/2023\/07\/NEOCLASIC23_1267-683x1024.jpg","datePublished":"2021-05-14T12:11:59+00:00","dateModified":"2023-07-08T12:06:53+00:00","description":"El Flamenco es entrega, es pasi\u00f3n y fuerza. Ayuda a canalizar los sentimientos a trav\u00e9s del movimiento y nos conecta con nuestro interior.","breadcrumb":{"@id":"http:\/\/neoclasicdanza.com\/index.php\/flamenco\/#breadcrumb"},"inLanguage":"es","potentialAction":[{"@type":"ReadAction","target":["http:\/\/neoclasicdanza.com\/index.php\/flamenco\/"]}]},{"@type":"ImageObject","inLanguage":"es","@id":"http:\/\/neoclasicdanza.com\/index.php\/flamenco\/#primaryimage","url":"https:\/\/neoclasicdanza.com\/wp-content\/uploads\/2023\/07\/NEOCLASIC23_1267-683x1024.jpg","contentUrl":"https:\/\/neoclasicdanza.com\/wp-content\/uploads\/2023\/07\/NEOCLASIC23_1267-683x1024.jpg"},{"@type":"BreadcrumbList","@id":"http:\/\/neoclasicdanza.com\/index.php\/flamenco\/#breadcrumb","itemListElement":[{"@type":"ListItem","position":1,"name":"Portada","item":"https:\/\/neoclasicdanza.com\/"},{"@type":"ListItem","position":2,"name":"FLAMENCO"}]},{"@type":"WebSite","@id":"http:\/\/neoclasicdanza.com\/#website","url":"http:\/\/neoclasicdanza.com\/","name":"NEOCLASIC DANZA","description":"Desde 1992","publisher":{"@id":"http:\/\/neoclasicdanza.com\/#organization"},"potentialAction":[{"@type":"SearchAction","target":{"@type":"EntryPoint","urlTemplate":"http:\/\/neoclasicdanza.com\/?s={search_term_string}"},"query-input":{"@type":"PropertyValueSpecification","valueRequired":true,"valueName":"search_term_string"}}],"inLanguage":"es"},{"@type":"Organization","@id":"http:\/\/neoclasicdanza.com\/#organization","name":"NEOCLASIC DANZA","url":"http:\/\/neoclasicdanza.com\/","logo":{"@type":"ImageObject","inLanguage":"es","@id":"http:\/\/neoclasicdanza.com\/#\/schema\/logo\/image\/","url":"http:\/\/neoclasicdanza.com\/wp-content\/uploads\/2021\/07\/cropped-neoclasic_2021_1-scaled-1.jpg","contentUrl":"http:\/\/neoclasicdanza.com\/wp-content\/uploads\/2021\/07\/cropped-neoclasic_2021_1-scaled-1.jpg","width":1803,"height":2041,"caption":"NEOCLASIC DANZA"},"image":{"@id":"http:\/\/neoclasicdanza.com\/#\/schema\/logo\/image\/"}}]}},"_links":{"self":[{"href":"http:\/\/neoclasicdanza.com\/index.php\/wp-json\/wp\/v2\/pages\/462","targetHints":{"allow":["GET"]}}],"collection":[{"href":"http:\/\/neoclasicdanza.com\/index.php\/wp-json\/wp\/v2\/pages"}],"about":[{"href":"http:\/\/neoclasicdanza.com\/index.php\/wp-json\/wp\/v2\/types\/page"}],"author":[{"embeddable":true,"href":"http:\/\/neoclasicdanza.com\/index.php\/wp-json\/wp\/v2\/users\/1"}],"replies":[{"embeddable":true,"href":"http:\/\/neoclasicdanza.com\/index.php\/wp-json\/wp\/v2\/comments?post=462"}],"version-history":[{"count":15,"href":"http:\/\/neoclasicdanza.com\/index.php\/wp-json\/wp\/v2\/pages\/462\/revisions"}],"predecessor-version":[{"id":1444,"href":"http:\/\/neoclasicdanza.com\/index.php\/wp-json\/wp\/v2\/pages\/462\/revisions\/1444"}],"wp:attachment":[{"href":"http:\/\/neoclasicdanza.com\/index.php\/wp-json\/wp\/v2\/media?parent=462"}],"curies":[{"name":"wp","href":"https:\/\/api.w.org\/{rel}","templated":true}]}}