{"id":456,"date":"2021-05-14T14:11:03","date_gmt":"2021-05-14T12:11:03","guid":{"rendered":"http:\/\/neoclasicdanza.com\/?page_id=456"},"modified":"2023-07-08T13:10:51","modified_gmt":"2023-07-08T11:10:51","slug":"hiphop","status":"publish","type":"page","link":"http:\/\/neoclasicdanza.com\/index.php\/hiphop\/","title":{"rendered":"HIP HOP"},"content":{"rendered":"\n<p><\/p>\n\n\n\n<p class=\"has-black-color has-text-color\">El baile HIP HOP se refiere a bailes urbanos interpretados principalmente con m\u00fasica Hip Hop. Se divide en varios estilos: Breakdance, Popping, Locking, Uprocking&#8230; Tiene un complemento callejero lo que hace muy importante la improvisaci\u00f3n.<\/p>\n\n\n\n<p class=\"has-black-color has-text-color\">En nuestra academia de baile impartimos clases de Hip Hop que se dividen por niveles. Tenemos desde clases de iniciaci\u00f3n para edades comprendidas entre 6 y 10 a\u00f1os,  clases para edades de 10 a 14 a\u00f1os, y grupos de teenagers de entre 15 y 18 a\u00f1os.<\/p>\n\n\n\n<p class=\"has-black-color has-text-color\">Actualmente existen promociones para las clases de los grupos de entre 15 y 18 a\u00f1os. Puede descubrirlas entrando en el siguiente enlace, o bien poni\u00e9ndote en contacto con la academia de baile a trav\u00e9s del <strong><a href=\"http:\/\/neoclasicdanza.com\/index.php\/contacto\/\">formulario de contacto<\/a><\/strong> que encontrar\u00e1s en la web.<\/p>\n\n\n<div class=\"gb-button-wrapper gb-button-wrapper-02b8be35\">\n\n<span class=\"gb-button gb-button-c9786cc2 gb-button-text\" target=\"_blank\" rel=\"noopener noreferrer\">PROMOCI\u00d3N FLASH<\/span>\n\n<\/div>\n\n\n<div style=\"height:21px\" aria-hidden=\"true\" class=\"wp-block-spacer\"><\/div>\n\n\n<div class=\"gb-container gb-container-4a279bbc\">\n<div class=\"gb-container gb-container-17424b5c\">\n\n<div class=\"wp-block-columns is-layout-flex wp-container-core-columns-is-layout-9d6595d7 wp-block-columns-is-layout-flex\">\n<div class=\"wp-block-column is-layout-flow wp-block-column-is-layout-flow\">\n<figure class=\"wp-block-gallery has-nested-images columns-default is-cropped wp-block-gallery-1 is-layout-flex wp-block-gallery-is-layout-flex\">\n<figure class=\"wp-block-image size-large\"><img fetchpriority=\"high\" decoding=\"async\" width=\"683\" height=\"1024\" data-id=\"1401\" src=\"https:\/\/neoclasicdanza.com\/wp-content\/uploads\/2023\/07\/NEOCLASIC23_1053-1-683x1024.jpg\" alt=\"\" class=\"wp-image-1401\" srcset=\"http:\/\/neoclasicdanza.com\/wp-content\/uploads\/2023\/07\/NEOCLASIC23_1053-1-683x1024.jpg 683w, http:\/\/neoclasicdanza.com\/wp-content\/uploads\/2023\/07\/NEOCLASIC23_1053-1-200x300.jpg 200w, http:\/\/neoclasicdanza.com\/wp-content\/uploads\/2023\/07\/NEOCLASIC23_1053-1-768x1152.jpg 768w, http:\/\/neoclasicdanza.com\/wp-content\/uploads\/2023\/07\/NEOCLASIC23_1053-1-1024x1536.jpg 1024w, http:\/\/neoclasicdanza.com\/wp-content\/uploads\/2023\/07\/NEOCLASIC23_1053-1-1365x2048.jpg 1365w, http:\/\/neoclasicdanza.com\/wp-content\/uploads\/2023\/07\/NEOCLASIC23_1053-1-scaled.jpg 1707w\" sizes=\"(max-width: 683px) 100vw, 683px\" \/><\/figure>\n<\/figure>\n<\/div>\n\n\n\n<div class=\"wp-block-column is-layout-flow wp-block-column-is-layout-flow\">\n<figure class=\"wp-block-gallery has-nested-images columns-default is-cropped wp-block-gallery-2 is-layout-flex wp-block-gallery-is-layout-flex\">\n<figure class=\"wp-block-image size-large\"><img decoding=\"async\" width=\"683\" height=\"1024\" data-id=\"1402\" src=\"https:\/\/neoclasicdanza.com\/wp-content\/uploads\/2023\/07\/NEOCLASIC23_2624-683x1024.jpg\" alt=\"\" class=\"wp-image-1402\" srcset=\"http:\/\/neoclasicdanza.com\/wp-content\/uploads\/2023\/07\/NEOCLASIC23_2624-683x1024.jpg 683w, http:\/\/neoclasicdanza.com\/wp-content\/uploads\/2023\/07\/NEOCLASIC23_2624-200x300.jpg 200w, http:\/\/neoclasicdanza.com\/wp-content\/uploads\/2023\/07\/NEOCLASIC23_2624-768x1152.jpg 768w, http:\/\/neoclasicdanza.com\/wp-content\/uploads\/2023\/07\/NEOCLASIC23_2624-1024x1536.jpg 1024w, http:\/\/neoclasicdanza.com\/wp-content\/uploads\/2023\/07\/NEOCLASIC23_2624-1365x2048.jpg 1365w, http:\/\/neoclasicdanza.com\/wp-content\/uploads\/2023\/07\/NEOCLASIC23_2624-scaled.jpg 1707w\" sizes=\"(max-width: 683px) 100vw, 683px\" \/><\/figure>\n<\/figure>\n<\/div>\n<\/div>\n\n<\/div>\n\n\n<div style=\"height:61px\" aria-hidden=\"true\" class=\"wp-block-spacer\"><\/div>\n\n<\/div>\n\n<div class=\"gb-container gb-container-cca51625 alignfull\"><div class=\"gb-inside-container\">\n\n<p class=\"has-black-color has-text-color\"><strong>Profesora: Paula S\u00e1nchez<\/strong><\/p>\n\n\n\n<p class=\"has-black-color has-text-color\">Joven bailarina, formada en disciplinas como el Ballet Cl\u00e1sico, Contempor\u00e1neo y Danzas Urbanas.<\/p>\n\n\n\n<p class=\"has-black-color has-text-color\">Bailarina en diferentes compa\u00f1\u00edas y profesora de Hip Hop en academias de baile en Barcelona y Tarragona.<\/p>\n\n\n\n<div class=\"wp-block-columns is-layout-flex wp-container-core-columns-is-layout-9d6595d7 wp-block-columns-is-layout-flex\">\n<div class=\"wp-block-column is-layout-flow wp-block-column-is-layout-flow\"><div class=\"wp-block-image\">\n<figure class=\"aligncenter size-large is-resized\"><img decoding=\"async\" src=\"http:\/\/neoclasicdanza.com\/wp-content\/uploads\/2022\/01\/9c71fcf2-5e52-4470-a6f7-2be33440e637-1.jpg\" alt=\"\" class=\"wp-image-1034\" width=\"488\" height=\"418\" srcset=\"http:\/\/neoclasicdanza.com\/wp-content\/uploads\/2022\/01\/9c71fcf2-5e52-4470-a6f7-2be33440e637-1.jpg 886w, http:\/\/neoclasicdanza.com\/wp-content\/uploads\/2022\/01\/9c71fcf2-5e52-4470-a6f7-2be33440e637-1-300x257.jpg 300w, http:\/\/neoclasicdanza.com\/wp-content\/uploads\/2022\/01\/9c71fcf2-5e52-4470-a6f7-2be33440e637-1-768x657.jpg 768w\" sizes=\"(max-width: 488px) 100vw, 488px\" \/><\/figure>\n<\/div><\/div>\n\n\n\n<div class=\"wp-block-column is-layout-flow wp-block-column-is-layout-flow\"><div class=\"wp-block-image\">\n<figure class=\"aligncenter size-large is-resized\"><img loading=\"lazy\" decoding=\"async\" src=\"http:\/\/neoclasicdanza.com\/wp-content\/uploads\/2022\/01\/13bcdfe0-1f3a-4853-8aca-99bb877cb992-copia-1024x912.jpg\" alt=\"\" class=\"wp-image-1035\" width=\"469\" height=\"417\" srcset=\"http:\/\/neoclasicdanza.com\/wp-content\/uploads\/2022\/01\/13bcdfe0-1f3a-4853-8aca-99bb877cb992-copia-1024x912.jpg 1024w, http:\/\/neoclasicdanza.com\/wp-content\/uploads\/2022\/01\/13bcdfe0-1f3a-4853-8aca-99bb877cb992-copia-300x267.jpg 300w, http:\/\/neoclasicdanza.com\/wp-content\/uploads\/2022\/01\/13bcdfe0-1f3a-4853-8aca-99bb877cb992-copia-768x684.jpg 768w, http:\/\/neoclasicdanza.com\/wp-content\/uploads\/2022\/01\/13bcdfe0-1f3a-4853-8aca-99bb877cb992-copia.jpg 1304w\" sizes=\"(max-width: 469px) 100vw, 469px\" \/><\/figure>\n<\/div><\/div>\n<\/div>\n\n<\/div><\/div>\n\n\n<div style=\"height:20px\" aria-hidden=\"true\" class=\"wp-block-spacer\"><\/div>\n","protected":false},"excerpt":{"rendered":"<p>El baile HIP HOP se refiere a bailes urbanos interpretados principalmente con m\u00fasica Hip Hop. Se divide en varios estilos: Breakdance, Popping, Locking, Uprocking&#8230; Tiene un complemento callejero lo que hace muy importante la improvisaci\u00f3n. En nuestra academia de baile impartimos clases de Hip Hop que se dividen por niveles. Tenemos desde clases de iniciaci\u00f3n &#8230; <\/p>\n<p class=\"read-more-container\"><a title=\"HIP HOP\" class=\"read-more button\" href=\"http:\/\/neoclasicdanza.com\/index.php\/hiphop\/#more-456\">Leer m\u00e1s<span class=\"screen-reader-text\">HIP HOP<\/span><\/a><\/p>\n","protected":false},"author":1,"featured_media":0,"parent":0,"menu_order":0,"comment_status":"closed","ping_status":"closed","template":"","meta":{"footnotes":""},"class_list":["post-456","page","type-page","status-publish"],"yoast_head":"<!-- This site is optimized with the Yoast SEO plugin v27.5 - https:\/\/yoast.com\/product\/yoast-seo-wordpress\/ -->\n<title>Hip Hop clases en Barcelona - Academia de baile Barcelona<\/title>\n<meta name=\"description\" content=\"En la academia de baile Neoclasic Danza de Barcelona impartimos clases de hip hop divididas por niveles y edades. \u00a1DESCUBRE LOS HORARIOS!\" \/>\n<meta name=\"robots\" content=\"index, follow, max-snippet:-1, max-image-preview:large, max-video-preview:-1\" \/>\n<link rel=\"canonical\" href=\"http:\/\/neoclasicdanza.com\/index.php\/hiphop\/\" \/>\n<meta property=\"og:locale\" content=\"es_ES\" \/>\n<meta property=\"og:type\" content=\"article\" \/>\n<meta property=\"og:title\" content=\"Hip Hop clases en Barcelona - Academia de baile Barcelona\" \/>\n<meta property=\"og:description\" content=\"En la academia de baile Neoclasic Danza de Barcelona impartimos clases de hip hop divididas por niveles y edades. \u00a1DESCUBRE LOS HORARIOS!\" \/>\n<meta property=\"og:url\" content=\"http:\/\/neoclasicdanza.com\/index.php\/hiphop\/\" \/>\n<meta property=\"og:site_name\" content=\"NEOCLASIC DANZA\" \/>\n<meta property=\"article:modified_time\" content=\"2023-07-08T11:10:51+00:00\" \/>\n<meta property=\"og:image\" content=\"https:\/\/neoclasicdanza.com\/wp-content\/uploads\/2023\/07\/NEOCLASIC23_1053-1-683x1024.jpg\" \/>\n<meta name=\"twitter:card\" content=\"summary_large_image\" \/>\n<meta name=\"twitter:label1\" content=\"Tiempo de lectura\" \/>\n\t<meta name=\"twitter:data1\" content=\"2 minutos\" \/>\n<script type=\"application\/ld+json\" class=\"yoast-schema-graph\">{\"@context\":\"https:\\\/\\\/schema.org\",\"@graph\":[{\"@type\":\"WebPage\",\"@id\":\"http:\\\/\\\/neoclasicdanza.com\\\/index.php\\\/hiphop\\\/\",\"url\":\"http:\\\/\\\/neoclasicdanza.com\\\/index.php\\\/hiphop\\\/\",\"name\":\"Hip Hop clases en Barcelona - Academia de baile Barcelona\",\"isPartOf\":{\"@id\":\"http:\\\/\\\/neoclasicdanza.com\\\/#website\"},\"primaryImageOfPage\":{\"@id\":\"http:\\\/\\\/neoclasicdanza.com\\\/index.php\\\/hiphop\\\/#primaryimage\"},\"image\":{\"@id\":\"http:\\\/\\\/neoclasicdanza.com\\\/index.php\\\/hiphop\\\/#primaryimage\"},\"thumbnailUrl\":\"https:\\\/\\\/neoclasicdanza.com\\\/wp-content\\\/uploads\\\/2023\\\/07\\\/NEOCLASIC23_1053-1-683x1024.jpg\",\"datePublished\":\"2021-05-14T12:11:03+00:00\",\"dateModified\":\"2023-07-08T11:10:51+00:00\",\"description\":\"En la academia de baile Neoclasic Danza de Barcelona impartimos clases de hip hop divididas por niveles y edades. \u00a1DESCUBRE LOS HORARIOS!\",\"breadcrumb\":{\"@id\":\"http:\\\/\\\/neoclasicdanza.com\\\/index.php\\\/hiphop\\\/#breadcrumb\"},\"inLanguage\":\"es\",\"potentialAction\":[{\"@type\":\"ReadAction\",\"target\":[\"http:\\\/\\\/neoclasicdanza.com\\\/index.php\\\/hiphop\\\/\"]}]},{\"@type\":\"ImageObject\",\"inLanguage\":\"es\",\"@id\":\"http:\\\/\\\/neoclasicdanza.com\\\/index.php\\\/hiphop\\\/#primaryimage\",\"url\":\"https:\\\/\\\/neoclasicdanza.com\\\/wp-content\\\/uploads\\\/2023\\\/07\\\/NEOCLASIC23_1053-1-683x1024.jpg\",\"contentUrl\":\"https:\\\/\\\/neoclasicdanza.com\\\/wp-content\\\/uploads\\\/2023\\\/07\\\/NEOCLASIC23_1053-1-683x1024.jpg\"},{\"@type\":\"BreadcrumbList\",\"@id\":\"http:\\\/\\\/neoclasicdanza.com\\\/index.php\\\/hiphop\\\/#breadcrumb\",\"itemListElement\":[{\"@type\":\"ListItem\",\"position\":1,\"name\":\"Portada\",\"item\":\"http:\\\/\\\/neoclasicdanza.com\\\/\"},{\"@type\":\"ListItem\",\"position\":2,\"name\":\"HIP HOP\"}]},{\"@type\":\"WebSite\",\"@id\":\"http:\\\/\\\/neoclasicdanza.com\\\/#website\",\"url\":\"http:\\\/\\\/neoclasicdanza.com\\\/\",\"name\":\"NEOCLASIC DANZA\",\"description\":\"Desde 1992\",\"publisher\":{\"@id\":\"http:\\\/\\\/neoclasicdanza.com\\\/#organization\"},\"potentialAction\":[{\"@type\":\"SearchAction\",\"target\":{\"@type\":\"EntryPoint\",\"urlTemplate\":\"http:\\\/\\\/neoclasicdanza.com\\\/?s={search_term_string}\"},\"query-input\":{\"@type\":\"PropertyValueSpecification\",\"valueRequired\":true,\"valueName\":\"search_term_string\"}}],\"inLanguage\":\"es\"},{\"@type\":\"Organization\",\"@id\":\"http:\\\/\\\/neoclasicdanza.com\\\/#organization\",\"name\":\"NEOCLASIC DANZA\",\"url\":\"http:\\\/\\\/neoclasicdanza.com\\\/\",\"logo\":{\"@type\":\"ImageObject\",\"inLanguage\":\"es\",\"@id\":\"http:\\\/\\\/neoclasicdanza.com\\\/#\\\/schema\\\/logo\\\/image\\\/\",\"url\":\"http:\\\/\\\/neoclasicdanza.com\\\/wp-content\\\/uploads\\\/2021\\\/07\\\/cropped-neoclasic_2021_1-scaled-1.jpg\",\"contentUrl\":\"http:\\\/\\\/neoclasicdanza.com\\\/wp-content\\\/uploads\\\/2021\\\/07\\\/cropped-neoclasic_2021_1-scaled-1.jpg\",\"width\":1803,\"height\":2041,\"caption\":\"NEOCLASIC DANZA\"},\"image\":{\"@id\":\"http:\\\/\\\/neoclasicdanza.com\\\/#\\\/schema\\\/logo\\\/image\\\/\"}}]}<\/script>\n<!-- \/ Yoast SEO plugin. -->","yoast_head_json":{"title":"Hip Hop clases en Barcelona - Academia de baile Barcelona","description":"En la academia de baile Neoclasic Danza de Barcelona impartimos clases de hip hop divididas por niveles y edades. \u00a1DESCUBRE LOS HORARIOS!","robots":{"index":"index","follow":"follow","max-snippet":"max-snippet:-1","max-image-preview":"max-image-preview:large","max-video-preview":"max-video-preview:-1"},"canonical":"http:\/\/neoclasicdanza.com\/index.php\/hiphop\/","og_locale":"es_ES","og_type":"article","og_title":"Hip Hop clases en Barcelona - Academia de baile Barcelona","og_description":"En la academia de baile Neoclasic Danza de Barcelona impartimos clases de hip hop divididas por niveles y edades. \u00a1DESCUBRE LOS HORARIOS!","og_url":"http:\/\/neoclasicdanza.com\/index.php\/hiphop\/","og_site_name":"NEOCLASIC DANZA","article_modified_time":"2023-07-08T11:10:51+00:00","og_image":[{"url":"https:\/\/neoclasicdanza.com\/wp-content\/uploads\/2023\/07\/NEOCLASIC23_1053-1-683x1024.jpg","type":"","width":"","height":""}],"twitter_card":"summary_large_image","twitter_misc":{"Tiempo de lectura":"2 minutos"},"schema":{"@context":"https:\/\/schema.org","@graph":[{"@type":"WebPage","@id":"http:\/\/neoclasicdanza.com\/index.php\/hiphop\/","url":"http:\/\/neoclasicdanza.com\/index.php\/hiphop\/","name":"Hip Hop clases en Barcelona - Academia de baile Barcelona","isPartOf":{"@id":"http:\/\/neoclasicdanza.com\/#website"},"primaryImageOfPage":{"@id":"http:\/\/neoclasicdanza.com\/index.php\/hiphop\/#primaryimage"},"image":{"@id":"http:\/\/neoclasicdanza.com\/index.php\/hiphop\/#primaryimage"},"thumbnailUrl":"https:\/\/neoclasicdanza.com\/wp-content\/uploads\/2023\/07\/NEOCLASIC23_1053-1-683x1024.jpg","datePublished":"2021-05-14T12:11:03+00:00","dateModified":"2023-07-08T11:10:51+00:00","description":"En la academia de baile Neoclasic Danza de Barcelona impartimos clases de hip hop divididas por niveles y edades. \u00a1DESCUBRE LOS HORARIOS!","breadcrumb":{"@id":"http:\/\/neoclasicdanza.com\/index.php\/hiphop\/#breadcrumb"},"inLanguage":"es","potentialAction":[{"@type":"ReadAction","target":["http:\/\/neoclasicdanza.com\/index.php\/hiphop\/"]}]},{"@type":"ImageObject","inLanguage":"es","@id":"http:\/\/neoclasicdanza.com\/index.php\/hiphop\/#primaryimage","url":"https:\/\/neoclasicdanza.com\/wp-content\/uploads\/2023\/07\/NEOCLASIC23_1053-1-683x1024.jpg","contentUrl":"https:\/\/neoclasicdanza.com\/wp-content\/uploads\/2023\/07\/NEOCLASIC23_1053-1-683x1024.jpg"},{"@type":"BreadcrumbList","@id":"http:\/\/neoclasicdanza.com\/index.php\/hiphop\/#breadcrumb","itemListElement":[{"@type":"ListItem","position":1,"name":"Portada","item":"http:\/\/neoclasicdanza.com\/"},{"@type":"ListItem","position":2,"name":"HIP HOP"}]},{"@type":"WebSite","@id":"http:\/\/neoclasicdanza.com\/#website","url":"http:\/\/neoclasicdanza.com\/","name":"NEOCLASIC DANZA","description":"Desde 1992","publisher":{"@id":"http:\/\/neoclasicdanza.com\/#organization"},"potentialAction":[{"@type":"SearchAction","target":{"@type":"EntryPoint","urlTemplate":"http:\/\/neoclasicdanza.com\/?s={search_term_string}"},"query-input":{"@type":"PropertyValueSpecification","valueRequired":true,"valueName":"search_term_string"}}],"inLanguage":"es"},{"@type":"Organization","@id":"http:\/\/neoclasicdanza.com\/#organization","name":"NEOCLASIC DANZA","url":"http:\/\/neoclasicdanza.com\/","logo":{"@type":"ImageObject","inLanguage":"es","@id":"http:\/\/neoclasicdanza.com\/#\/schema\/logo\/image\/","url":"http:\/\/neoclasicdanza.com\/wp-content\/uploads\/2021\/07\/cropped-neoclasic_2021_1-scaled-1.jpg","contentUrl":"http:\/\/neoclasicdanza.com\/wp-content\/uploads\/2021\/07\/cropped-neoclasic_2021_1-scaled-1.jpg","width":1803,"height":2041,"caption":"NEOCLASIC DANZA"},"image":{"@id":"http:\/\/neoclasicdanza.com\/#\/schema\/logo\/image\/"}}]}},"_links":{"self":[{"href":"http:\/\/neoclasicdanza.com\/index.php\/wp-json\/wp\/v2\/pages\/456","targetHints":{"allow":["GET"]}}],"collection":[{"href":"http:\/\/neoclasicdanza.com\/index.php\/wp-json\/wp\/v2\/pages"}],"about":[{"href":"http:\/\/neoclasicdanza.com\/index.php\/wp-json\/wp\/v2\/types\/page"}],"author":[{"embeddable":true,"href":"http:\/\/neoclasicdanza.com\/index.php\/wp-json\/wp\/v2\/users\/1"}],"replies":[{"embeddable":true,"href":"http:\/\/neoclasicdanza.com\/index.php\/wp-json\/wp\/v2\/comments?post=456"}],"version-history":[{"count":18,"href":"http:\/\/neoclasicdanza.com\/index.php\/wp-json\/wp\/v2\/pages\/456\/revisions"}],"predecessor-version":[{"id":1502,"href":"http:\/\/neoclasicdanza.com\/index.php\/wp-json\/wp\/v2\/pages\/456\/revisions\/1502"}],"wp:attachment":[{"href":"http:\/\/neoclasicdanza.com\/index.php\/wp-json\/wp\/v2\/media?parent=456"}],"curies":[{"name":"wp","href":"https:\/\/api.w.org\/{rel}","templated":true}]}}