{"id":1208,"date":"2022-03-14T13:21:40","date_gmt":"2022-03-14T12:21:40","guid":{"rendered":"http:\/\/neoclasicdanza.com\/?page_id=1208"},"modified":"2022-03-14T14:38:12","modified_gmt":"2022-03-14T13:38:12","slug":"bonos-baile-nupcial","status":"publish","type":"page","link":"http:\/\/neoclasicdanza.com\/index.php\/bonos-baile-nupcial\/","title":{"rendered":"BONO BAILE NUPCIAL"},"content":{"rendered":"\n<p class=\"has-contrast-color has-text-color\">En nuestra academia de baile de Barcelona creamos un exclusivo baile nupcial, adapt\u00e1ndonos a las capacidades de la pareja.<\/p>\n\n\n\n<p class=\"has-contrast-color has-text-color\">Ofrecemos diferentes packs de baile nupcial en Barcelona que se adaptar\u00e1n a tus necesidades con asesoramiento personalizado, coreograf\u00edas exclusivas y horarios flexibles para que sorprendas a tus invitados con el <a href=\"https:\/\/neoclasicdanza.com\/index.php\/baile-nupcial-2\/\"><strong>baile nupcial m\u00e1s especial y emotivo<\/strong>.<\/a><\/p>\n\n\n<div class=\"gb-container gb-container-6d843168\"><div class=\"gb-inside-container\">\n<div class=\"gb-container gb-container-940b3346\"><div class=\"gb-inside-container\">\n\n<div class=\"wp-block-image\"><figure class=\"aligncenter size-large is-resized\"><img fetchpriority=\"high\" decoding=\"async\" src=\"http:\/\/neoclasicdanza.com\/wp-content\/uploads\/2022\/03\/Precios-Baile-Nupcial-1-820x1024.jpg\" alt=\"\" class=\"wp-image-1248\" width=\"542\" height=\"666\"\/><\/figure><\/div>\n\n<\/div><\/div>\n<\/div><\/div>\n\n\n<p class=\"has-text-align-center has-contrast-color has-text-color\">Consulta los precios llamando a nuestro tel\u00e9fono +34 630 909 060<\/p>\n","protected":false},"excerpt":{"rendered":"<p>En nuestra academia de baile de Barcelona creamos un exclusivo baile nupcial, adapt\u00e1ndonos a las capacidades de la pareja. Ofrecemos diferentes packs de baile nupcial en Barcelona que se adaptar\u00e1n a tus necesidades con asesoramiento personalizado, coreograf\u00edas exclusivas y horarios flexibles para que sorprendas a tus invitados con el baile nupcial m\u00e1s especial y emotivo. &#8230; <\/p>\n<p class=\"read-more-container\"><a title=\"BONO BAILE NUPCIAL\" class=\"read-more button\" href=\"http:\/\/neoclasicdanza.com\/index.php\/bonos-baile-nupcial\/#more-1208\">Leer m\u00e1s<span class=\"screen-reader-text\">BONO BAILE NUPCIAL<\/span><\/a><\/p>\n","protected":false},"author":1,"featured_media":0,"parent":0,"menu_order":0,"comment_status":"closed","ping_status":"closed","template":"","meta":{"footnotes":""},"class_list":["post-1208","page","type-page","status-publish"],"yoast_head":"<!-- This site is optimized with the Yoast SEO plugin v27.6 - https:\/\/yoast.com\/product\/yoast-seo-wordpress\/ -->\n<title>Baile nupcial - Academia de balile Neoclasic Danza<\/title>\n<meta name=\"description\" content=\"Sorprende a tus invitados con un baile nupcial \u00fanico, especial y personalizado. \u00a1Nosotros te ayudamos a coreografiar el baile de tus sue\u00f1os!\" \/>\n<meta name=\"robots\" content=\"index, follow, max-snippet:-1, max-image-preview:large, max-video-preview:-1\" \/>\n<link rel=\"canonical\" href=\"http:\/\/neoclasicdanza.com\/index.php\/bonos-baile-nupcial\/\" \/>\n<meta property=\"og:locale\" content=\"es_ES\" \/>\n<meta property=\"og:type\" content=\"article\" \/>\n<meta property=\"og:title\" content=\"Baile nupcial - Academia de balile Neoclasic Danza\" \/>\n<meta property=\"og:description\" content=\"Sorprende a tus invitados con un baile nupcial \u00fanico, especial y personalizado. \u00a1Nosotros te ayudamos a coreografiar el baile de tus sue\u00f1os!\" \/>\n<meta property=\"og:url\" content=\"http:\/\/neoclasicdanza.com\/index.php\/bonos-baile-nupcial\/\" \/>\n<meta property=\"og:site_name\" content=\"NEOCLASIC DANZA\" \/>\n<meta property=\"article:modified_time\" content=\"2022-03-14T13:38:12+00:00\" \/>\n<meta property=\"og:image\" content=\"http:\/\/neoclasicdanza.com\/wp-content\/uploads\/2022\/03\/Precios-Baile-Nupcial-1-820x1024.jpg\" \/>\n<meta name=\"twitter:card\" content=\"summary_large_image\" \/>\n<meta name=\"twitter:label1\" content=\"Tiempo de lectura\" \/>\n\t<meta name=\"twitter:data1\" content=\"1 minuto\" \/>\n<script type=\"application\/ld+json\" class=\"yoast-schema-graph\">{\"@context\":\"https:\\\/\\\/schema.org\",\"@graph\":[{\"@type\":\"WebPage\",\"@id\":\"http:\\\/\\\/neoclasicdanza.com\\\/index.php\\\/bonos-baile-nupcial\\\/\",\"url\":\"http:\\\/\\\/neoclasicdanza.com\\\/index.php\\\/bonos-baile-nupcial\\\/\",\"name\":\"Baile nupcial - Academia de balile Neoclasic Danza\",\"isPartOf\":{\"@id\":\"https:\\\/\\\/neoclasicdanza.com\\\/#website\"},\"primaryImageOfPage\":{\"@id\":\"http:\\\/\\\/neoclasicdanza.com\\\/index.php\\\/bonos-baile-nupcial\\\/#primaryimage\"},\"image\":{\"@id\":\"http:\\\/\\\/neoclasicdanza.com\\\/index.php\\\/bonos-baile-nupcial\\\/#primaryimage\"},\"thumbnailUrl\":\"http:\\\/\\\/neoclasicdanza.com\\\/wp-content\\\/uploads\\\/2022\\\/03\\\/Precios-Baile-Nupcial-1-820x1024.jpg\",\"datePublished\":\"2022-03-14T12:21:40+00:00\",\"dateModified\":\"2022-03-14T13:38:12+00:00\",\"description\":\"Sorprende a tus invitados con un baile nupcial \u00fanico, especial y personalizado. \u00a1Nosotros te ayudamos a coreografiar el baile de tus sue\u00f1os!\",\"breadcrumb\":{\"@id\":\"http:\\\/\\\/neoclasicdanza.com\\\/index.php\\\/bonos-baile-nupcial\\\/#breadcrumb\"},\"inLanguage\":\"es\",\"potentialAction\":[{\"@type\":\"ReadAction\",\"target\":[\"http:\\\/\\\/neoclasicdanza.com\\\/index.php\\\/bonos-baile-nupcial\\\/\"]}]},{\"@type\":\"ImageObject\",\"inLanguage\":\"es\",\"@id\":\"http:\\\/\\\/neoclasicdanza.com\\\/index.php\\\/bonos-baile-nupcial\\\/#primaryimage\",\"url\":\"http:\\\/\\\/neoclasicdanza.com\\\/wp-content\\\/uploads\\\/2022\\\/03\\\/Precios-Baile-Nupcial-1.jpg\",\"contentUrl\":\"http:\\\/\\\/neoclasicdanza.com\\\/wp-content\\\/uploads\\\/2022\\\/03\\\/Precios-Baile-Nupcial-1.jpg\",\"width\":1412,\"height\":1764},{\"@type\":\"BreadcrumbList\",\"@id\":\"http:\\\/\\\/neoclasicdanza.com\\\/index.php\\\/bonos-baile-nupcial\\\/#breadcrumb\",\"itemListElement\":[{\"@type\":\"ListItem\",\"position\":1,\"name\":\"Portada\",\"item\":\"https:\\\/\\\/neoclasicdanza.com\\\/\"},{\"@type\":\"ListItem\",\"position\":2,\"name\":\"BONO BAILE NUPCIAL\"}]},{\"@type\":\"WebSite\",\"@id\":\"https:\\\/\\\/neoclasicdanza.com\\\/#website\",\"url\":\"https:\\\/\\\/neoclasicdanza.com\\\/\",\"name\":\"NEOCLASIC DANZA\",\"description\":\"Desde 1992\",\"publisher\":{\"@id\":\"https:\\\/\\\/neoclasicdanza.com\\\/#organization\"},\"potentialAction\":[{\"@type\":\"SearchAction\",\"target\":{\"@type\":\"EntryPoint\",\"urlTemplate\":\"https:\\\/\\\/neoclasicdanza.com\\\/?s={search_term_string}\"},\"query-input\":{\"@type\":\"PropertyValueSpecification\",\"valueRequired\":true,\"valueName\":\"search_term_string\"}}],\"inLanguage\":\"es\"},{\"@type\":\"Organization\",\"@id\":\"https:\\\/\\\/neoclasicdanza.com\\\/#organization\",\"name\":\"NEOCLASIC DANZA\",\"url\":\"https:\\\/\\\/neoclasicdanza.com\\\/\",\"logo\":{\"@type\":\"ImageObject\",\"inLanguage\":\"es\",\"@id\":\"https:\\\/\\\/neoclasicdanza.com\\\/#\\\/schema\\\/logo\\\/image\\\/\",\"url\":\"http:\\\/\\\/neoclasicdanza.com\\\/wp-content\\\/uploads\\\/2021\\\/07\\\/cropped-neoclasic_2021_1-scaled-1.jpg\",\"contentUrl\":\"http:\\\/\\\/neoclasicdanza.com\\\/wp-content\\\/uploads\\\/2021\\\/07\\\/cropped-neoclasic_2021_1-scaled-1.jpg\",\"width\":1803,\"height\":2041,\"caption\":\"NEOCLASIC DANZA\"},\"image\":{\"@id\":\"https:\\\/\\\/neoclasicdanza.com\\\/#\\\/schema\\\/logo\\\/image\\\/\"}}]}<\/script>\n<!-- \/ Yoast SEO plugin. -->","yoast_head_json":{"title":"Baile nupcial - Academia de balile Neoclasic Danza","description":"Sorprende a tus invitados con un baile nupcial \u00fanico, especial y personalizado. \u00a1Nosotros te ayudamos a coreografiar el baile de tus sue\u00f1os!","robots":{"index":"index","follow":"follow","max-snippet":"max-snippet:-1","max-image-preview":"max-image-preview:large","max-video-preview":"max-video-preview:-1"},"canonical":"http:\/\/neoclasicdanza.com\/index.php\/bonos-baile-nupcial\/","og_locale":"es_ES","og_type":"article","og_title":"Baile nupcial - Academia de balile Neoclasic Danza","og_description":"Sorprende a tus invitados con un baile nupcial \u00fanico, especial y personalizado. \u00a1Nosotros te ayudamos a coreografiar el baile de tus sue\u00f1os!","og_url":"http:\/\/neoclasicdanza.com\/index.php\/bonos-baile-nupcial\/","og_site_name":"NEOCLASIC DANZA","article_modified_time":"2022-03-14T13:38:12+00:00","og_image":[{"url":"http:\/\/neoclasicdanza.com\/wp-content\/uploads\/2022\/03\/Precios-Baile-Nupcial-1-820x1024.jpg","type":"","width":"","height":""}],"twitter_card":"summary_large_image","twitter_misc":{"Tiempo de lectura":"1 minuto"},"schema":{"@context":"https:\/\/schema.org","@graph":[{"@type":"WebPage","@id":"http:\/\/neoclasicdanza.com\/index.php\/bonos-baile-nupcial\/","url":"http:\/\/neoclasicdanza.com\/index.php\/bonos-baile-nupcial\/","name":"Baile nupcial - Academia de balile Neoclasic Danza","isPartOf":{"@id":"https:\/\/neoclasicdanza.com\/#website"},"primaryImageOfPage":{"@id":"http:\/\/neoclasicdanza.com\/index.php\/bonos-baile-nupcial\/#primaryimage"},"image":{"@id":"http:\/\/neoclasicdanza.com\/index.php\/bonos-baile-nupcial\/#primaryimage"},"thumbnailUrl":"http:\/\/neoclasicdanza.com\/wp-content\/uploads\/2022\/03\/Precios-Baile-Nupcial-1-820x1024.jpg","datePublished":"2022-03-14T12:21:40+00:00","dateModified":"2022-03-14T13:38:12+00:00","description":"Sorprende a tus invitados con un baile nupcial \u00fanico, especial y personalizado. \u00a1Nosotros te ayudamos a coreografiar el baile de tus sue\u00f1os!","breadcrumb":{"@id":"http:\/\/neoclasicdanza.com\/index.php\/bonos-baile-nupcial\/#breadcrumb"},"inLanguage":"es","potentialAction":[{"@type":"ReadAction","target":["http:\/\/neoclasicdanza.com\/index.php\/bonos-baile-nupcial\/"]}]},{"@type":"ImageObject","inLanguage":"es","@id":"http:\/\/neoclasicdanza.com\/index.php\/bonos-baile-nupcial\/#primaryimage","url":"http:\/\/neoclasicdanza.com\/wp-content\/uploads\/2022\/03\/Precios-Baile-Nupcial-1.jpg","contentUrl":"http:\/\/neoclasicdanza.com\/wp-content\/uploads\/2022\/03\/Precios-Baile-Nupcial-1.jpg","width":1412,"height":1764},{"@type":"BreadcrumbList","@id":"http:\/\/neoclasicdanza.com\/index.php\/bonos-baile-nupcial\/#breadcrumb","itemListElement":[{"@type":"ListItem","position":1,"name":"Portada","item":"https:\/\/neoclasicdanza.com\/"},{"@type":"ListItem","position":2,"name":"BONO BAILE NUPCIAL"}]},{"@type":"WebSite","@id":"https:\/\/neoclasicdanza.com\/#website","url":"https:\/\/neoclasicdanza.com\/","name":"NEOCLASIC DANZA","description":"Desde 1992","publisher":{"@id":"https:\/\/neoclasicdanza.com\/#organization"},"potentialAction":[{"@type":"SearchAction","target":{"@type":"EntryPoint","urlTemplate":"https:\/\/neoclasicdanza.com\/?s={search_term_string}"},"query-input":{"@type":"PropertyValueSpecification","valueRequired":true,"valueName":"search_term_string"}}],"inLanguage":"es"},{"@type":"Organization","@id":"https:\/\/neoclasicdanza.com\/#organization","name":"NEOCLASIC DANZA","url":"https:\/\/neoclasicdanza.com\/","logo":{"@type":"ImageObject","inLanguage":"es","@id":"https:\/\/neoclasicdanza.com\/#\/schema\/logo\/image\/","url":"http:\/\/neoclasicdanza.com\/wp-content\/uploads\/2021\/07\/cropped-neoclasic_2021_1-scaled-1.jpg","contentUrl":"http:\/\/neoclasicdanza.com\/wp-content\/uploads\/2021\/07\/cropped-neoclasic_2021_1-scaled-1.jpg","width":1803,"height":2041,"caption":"NEOCLASIC DANZA"},"image":{"@id":"https:\/\/neoclasicdanza.com\/#\/schema\/logo\/image\/"}}]}},"_links":{"self":[{"href":"http:\/\/neoclasicdanza.com\/index.php\/wp-json\/wp\/v2\/pages\/1208","targetHints":{"allow":["GET"]}}],"collection":[{"href":"http:\/\/neoclasicdanza.com\/index.php\/wp-json\/wp\/v2\/pages"}],"about":[{"href":"http:\/\/neoclasicdanza.com\/index.php\/wp-json\/wp\/v2\/types\/page"}],"author":[{"embeddable":true,"href":"http:\/\/neoclasicdanza.com\/index.php\/wp-json\/wp\/v2\/users\/1"}],"replies":[{"embeddable":true,"href":"http:\/\/neoclasicdanza.com\/index.php\/wp-json\/wp\/v2\/comments?post=1208"}],"version-history":[{"count":22,"href":"http:\/\/neoclasicdanza.com\/index.php\/wp-json\/wp\/v2\/pages\/1208\/revisions"}],"predecessor-version":[{"id":1252,"href":"http:\/\/neoclasicdanza.com\/index.php\/wp-json\/wp\/v2\/pages\/1208\/revisions\/1252"}],"wp:attachment":[{"href":"http:\/\/neoclasicdanza.com\/index.php\/wp-json\/wp\/v2\/media?parent=1208"}],"curies":[{"name":"wp","href":"https:\/\/api.w.org\/{rel}","templated":true}]}}